{"id":17522,"date":"2025-05-16T17:01:23","date_gmt":"2025-05-16T17:01:23","guid":{"rendered":"https:\/\/laflora-valpo.com\/?page_id=17522"},"modified":"2025-06-19T19:40:41","modified_gmt":"2025-06-19T19:40:41","slug":"habitaciones","status":"publish","type":"page","link":"https:\/\/laflora-valpo.com\/es\/habitaciones\/","title":{"rendered":"Habitaciones"},"content":{"rendered":"<div id=\"cmsmasters_row_a4dkq6nfqg\" class=\"cmsmasters_row cmsmasters_color_scheme_default solo-desktop cmsmasters_row_top_default cmsmasters_row_bot_default cmsmasters_row_boxed\">\n<div class=\"cmsmasters_row_outer_parent\">\n<div class=\"cmsmasters_row_outer\">\n<div class=\"cmsmasters_row_inner\">\n<div class=\"cmsmasters_row_margin\">\n<div id=\"cmsmasters_column_pxq2vtvmr\" class=\"cmsmasters_column one_first\">\n<div class=\"cmsmasters_column_inner\"><\/div><\/div>\n<\/div>\n<\/div>\n<\/div>\n<\/div>\n<\/div>\n<div id=\"cmsmasters_row_q7392h5r2\" class=\"cmsmasters_row cmsmasters_color_scheme_default solo-desktop cmsmasters_row_top_default cmsmasters_row_bot_default cmsmasters_row_boxed\">\n<div class=\"cmsmasters_row_outer_parent\">\n<div class=\"cmsmasters_row_outer\">\n<div class=\"cmsmasters_row_inner cmsmasters_row_no_margin\">\n<div class=\"cmsmasters_row_margin cmsmasters_row_columns_behavior\">\n<div id=\"cmsmasters_column_0fh3gu2skb\" class=\"cmsmasters_column one_fourth cmsmasters_column_sticky\">\n<div class=\"cmsmasters_column_inner\"><div id=\"cmsmasters_icon_box_lmramlwcrh\" class=\"cmsmasters_icon_box cmsmasters_icon_top box_icon_type_icon cmsmasters-icon-rss-3\">\n<div class=\"icon_box_inner\">\n<h3 class=\"icon_box_heading\">WiFi gratis<\/h3>\n<div class=\"icon_box_text\">\n<p><\/p>\n<\/div>\n<\/div>\n<\/div>\n<\/div><\/div>\n<div id=\"cmsmasters_column_wdywr8zr4p\" class=\"cmsmasters_column one_fourth\">\n<div class=\"cmsmasters_column_inner\"><div id=\"cmsmasters_icon_box_jjjhffzj6p\" class=\"cmsmasters_icon_box cmsmasters_icon_top box_icon_type_icon cmsmasters-icon-custom-breakfast\">\n<div class=\"icon_box_inner\">\n<h3 class=\"icon_box_heading\">Desayuno incluido<\/h3>\n<div class=\"icon_box_text\">\n<p><\/p>\n<\/div>\n<\/div>\n<\/div>\n<\/div><\/div>\n<div id=\"cmsmasters_column_67bx2ad07g\" class=\"cmsmasters_column one_fourth icono-2col\">\n<div class=\"cmsmasters_column_inner\"><div id=\"cmsmasters_icon_box_bep4b2jfqg\" class=\"cmsmasters_icon_box cmsmasters_icon_top box_icon_type_icon cmsmasters-icon-lock-3\">\n<div class=\"icon_box_inner\">\n<h3 class=\"icon_box_heading\">Caja Fuerte<\/h3>\n<div class=\"icon_box_text\">\n<p><\/p>\n<\/div>\n<\/div>\n<\/div>\n<\/div><\/div>\n<div id=\"cmsmasters_column_fa7t7qkj0r\" class=\"cmsmasters_column one_fourth icono-2col\">\n<div class=\"cmsmasters_column_inner\"><div id=\"cmsmasters_icon_box_xes0vjfywc\" class=\"cmsmasters_icon_box cmsmasters_icon_top box_icon_type_icon cmsmasters-icon-custom-bathroom\">\n<div class=\"icon_box_inner\">\n<h3 class=\"icon_box_heading\">Ba\u00f1o Privado<\/h3>\n<div class=\"icon_box_text\">\n<p><\/p>\n<\/div>\n<\/div>\n<\/div>\n<\/div><\/div>\n<\/div>\n<\/div>\n<\/div>\n<\/div>\n<\/div>\n<div id=\"cmsmasters_row_j6dnwfqnwu\" class=\"cmsmasters_row cmsmasters_color_scheme_default solo-desktop cmsmasters_row_top_default cmsmasters_row_bot_default cmsmasters_row_boxed\">\n<div class=\"cmsmasters_row_outer_parent\">\n<div class=\"cmsmasters_row_outer\">\n<div class=\"cmsmasters_row_inner\">\n<div class=\"cmsmasters_row_margin\">\n<div id=\"cmsmasters_column_calf46raa\" class=\"cmsmasters_column one_first\">\n<div class=\"cmsmasters_column_inner\"><\/div><\/div>\n<\/div>\n<\/div>\n<\/div>\n<\/div>\n<\/div>\n<div id=\"cmsmasters_row_lms2s47afa\" class=\"cmsmasters_row cmsmasters_color_scheme_default cmsmasters_row_top_default cmsmasters_row_bot_default cmsmasters_row_fullwidth\">\n<div class=\"cmsmasters_row_outer_parent\">\n<div class=\"cmsmasters_row_outer\">\n<div class=\"cmsmasters_row_inner cmsmasters_row_fullwidth cmsmasters_row_no_margin\">\n<div class=\"cmsmasters_row_margin\">\n<div id=\"cmsmasters_column_z9m08hlvur\" class=\"cmsmasters_column one_half\">\n<div class=\"cmsmasters_column_inner\"><div id=\"cmsmasters_heading_nv43v2jnqt\" class=\"cmsmasters_heading_wrap cmsmasters_heading_align_center\">\n\t<h2 class=\"cmsmasters_heading\">Doble Deluxe<\/h2>\n<\/div><div id=\"cmsmasters_heading_z4ky8tex3\" class=\"cmsmasters_heading_wrap cmsmasters_heading_align_center\">\n\t<h3 class=\"cmsmasters_heading\">Nuestra favorita: vista al mar o al jard\u00edn + zona de estar<\/h3>\n<\/div><div id=\"cmsmasters_fb_jfwmqqqgk\" class=\"cmsmasters_featured_block\">\n<div class=\"featured_block_inner\">\n<div class=\"featured_block_text\">\n<p style=\"text-align: center;\"><span style=\"color: #6a6a6a; font-size: 20px; line-height: 28px;\"><span style=\"font-weight: 400;\">La opci\u00f3n m\u00e1s especial de Ayca La Flora. Estas habitaciones incluyen una peque\u00f1a sala o espacio de lectura, junto con vistas privilegiadas al jard\u00edn o al puerto. Son ideales para estad\u00edas m\u00e1s largas o para quienes desean una experiencia m\u00e1s completa y relajada.<\/span><\/span><\/p>\n\n<\/div>\n<\/div>\n<\/div>\n<div id=\"cmsmasters_button_596ntpf5lm\" class=\"button_wrap\"><a href=\"https:\/\/hotels.cloudbeds.com\/en\/reservation\/SdDBza\" class=\"cmsmasters_button cmsmasters_but_clear_styles cmsmasters_but_bg_slide_left\" data-animation=\"fadeInUp\" data-delay=\"0\" target=\"_blank\"><span>Agendar Una Reserva<\/span><\/a><\/div>\n<\/div><\/div>\n<div id=\"cmsmasters_column_1gwbfgzhup\" class=\"cmsmasters_column one_half\">\n<div class=\"cmsmasters_column_inner\"><div class=\"cmsmasters_content_slider_wrap galeria-ajustada\" style=\"max-width:1160px;\"><div id=\"cmsmasters_slider_ucfz383ab\" class=\"cmsmasters_owl_slider owl-carousel cmsmasters_content_slider\" data-auto-play=\"5000\" data-stop-on-hover=\"true\" data-rewind-nav=\"true\" data-slide-speed=\"600\" data-pagination-speed=\"600\" data-rewind-speed=\"600\" data-transition-style=\"false\" data-pagination=\"true\" data-navigation=\"true\"><div class=\"cmsmasters_owl_slider_item cmsmasters_content_slider_item\"><img loading=\"lazy\" decoding=\"async\" width=\"1160\" height=\"700\" src=\"https:\/\/laflora-valpo.com\/wp-content\/uploads\/2025\/06\/Araucaria-1160x700.png\" class=\"attachment-cmsmasters-project-full-thumb size-cmsmasters-project-full-thumb\" alt=\"\" \/><\/div><div class=\"cmsmasters_owl_slider_item cmsmasters_content_slider_item\"><img loading=\"lazy\" decoding=\"async\" width=\"1160\" height=\"700\" src=\"https:\/\/laflora-valpo.com\/wp-content\/uploads\/2025\/06\/Bano-Pasionaria-1160x700.png\" class=\"attachment-cmsmasters-project-full-thumb size-cmsmasters-project-full-thumb\" alt=\"\" \/><\/div><div class=\"cmsmasters_owl_slider_item cmsmasters_content_slider_item\"><img loading=\"lazy\" decoding=\"async\" width=\"1160\" height=\"700\" src=\"https:\/\/laflora-valpo.com\/wp-content\/uploads\/2025\/06\/Pasionaria-1160x700.png\" class=\"attachment-cmsmasters-project-full-thumb size-cmsmasters-project-full-thumb\" alt=\"\" \/><\/div><div class=\"cmsmasters_owl_slider_item cmsmasters_content_slider_item\"><img loading=\"lazy\" decoding=\"async\" width=\"1160\" height=\"700\" src=\"https:\/\/laflora-valpo.com\/wp-content\/uploads\/2025\/06\/IMG_8339-Araucaria-1160x700.png\" class=\"attachment-cmsmasters-project-full-thumb size-cmsmasters-project-full-thumb\" alt=\"\" \/><\/div><div class=\"cmsmasters_owl_slider_item cmsmasters_content_slider_item\"><img loading=\"lazy\" decoding=\"async\" width=\"1160\" height=\"700\" src=\"https:\/\/laflora-valpo.com\/wp-content\/uploads\/2025\/06\/AYCA-La-Flora-2023-610-1160x700.png\" class=\"attachment-cmsmasters-project-full-thumb size-cmsmasters-project-full-thumb\" alt=\"\" \/><\/div><div class=\"cmsmasters_owl_slider_item cmsmasters_content_slider_item\"><img loading=\"lazy\" decoding=\"async\" width=\"1160\" height=\"700\" src=\"https:\/\/laflora-valpo.com\/wp-content\/uploads\/2025\/06\/Granada-bano-1160x700.jpg\" class=\"attachment-cmsmasters-project-full-thumb size-cmsmasters-project-full-thumb\" alt=\"\" \/><\/div><\/div>\n<\/div>\n<\/div><\/div>\n<\/div>\n<\/div>\n<\/div>\n<\/div>\n<\/div>\n<div id=\"cmsmasters_row_q7392h5r2\" class=\"cmsmasters_row cmsmasters_color_scheme_default solo-desktop cmsmasters_row_top_default cmsmasters_row_bot_default cmsmasters_row_fullwidth\">\n<div class=\"cmsmasters_row_outer_parent\">\n<div class=\"cmsmasters_row_outer\">\n<div class=\"cmsmasters_row_inner cmsmasters_row_fullwidth cmsmasters_row_no_margin\">\n<div class=\"cmsmasters_row_margin\">\n<div id=\"cmsmasters_column_0fh3gu2skb\" class=\"cmsmasters_column one_half\">\n<div class=\"cmsmasters_column_inner\"><div class=\"cmsmasters_content_slider_wrap galeria-ajustada\" style=\"max-width:1160px;\"><div id=\"cmsmasters_slider_23naxk97h8\" class=\"cmsmasters_owl_slider owl-carousel cmsmasters_content_slider\" data-auto-play=\"5000\" data-stop-on-hover=\"true\" data-rewind-nav=\"true\" data-slide-speed=\"600\" data-pagination-speed=\"600\" data-rewind-speed=\"600\" data-transition-style=\"false\" data-pagination=\"true\" data-navigation=\"true\"><div class=\"cmsmasters_owl_slider_item cmsmasters_content_slider_item\"><img loading=\"lazy\" decoding=\"async\" width=\"1160\" height=\"700\" src=\"https:\/\/laflora-valpo.com\/wp-content\/uploads\/2025\/06\/IMG_8483-2-1160x700.jpg\" class=\"attachment-cmsmasters-project-full-thumb size-cmsmasters-project-full-thumb\" alt=\"\" \/><\/div><div class=\"cmsmasters_owl_slider_item cmsmasters_content_slider_item\"><img loading=\"lazy\" decoding=\"async\" width=\"1160\" height=\"700\" src=\"https:\/\/laflora-valpo.com\/wp-content\/uploads\/2025\/06\/Chagual-1160x700.png\" class=\"attachment-cmsmasters-project-full-thumb size-cmsmasters-project-full-thumb\" alt=\"\" \/><\/div><div class=\"cmsmasters_owl_slider_item cmsmasters_content_slider_item\"><img loading=\"lazy\" decoding=\"async\" width=\"1160\" height=\"700\" src=\"https:\/\/laflora-valpo.com\/wp-content\/uploads\/2025\/06\/Heliconia-1160x700.png\" class=\"attachment-cmsmasters-project-full-thumb size-cmsmasters-project-full-thumb\" alt=\"\" \/><\/div><div class=\"cmsmasters_owl_slider_item cmsmasters_content_slider_item\"><img loading=\"lazy\" decoding=\"async\" width=\"1160\" height=\"700\" src=\"https:\/\/laflora-valpo.com\/wp-content\/uploads\/2025\/06\/Bano-Chagual-1160x700.png\" class=\"attachment-cmsmasters-project-full-thumb size-cmsmasters-project-full-thumb\" alt=\"\" \/><\/div><div class=\"cmsmasters_owl_slider_item cmsmasters_content_slider_item\"><img loading=\"lazy\" decoding=\"async\" width=\"1160\" height=\"700\" src=\"https:\/\/laflora-valpo.com\/wp-content\/uploads\/2025\/06\/Bano-Heliconia-1160x700.png\" class=\"attachment-cmsmasters-project-full-thumb size-cmsmasters-project-full-thumb\" alt=\"\" \/><\/div><div class=\"cmsmasters_owl_slider_item cmsmasters_content_slider_item\"><img loading=\"lazy\" decoding=\"async\" width=\"1160\" height=\"700\" src=\"https:\/\/laflora-valpo.com\/wp-content\/uploads\/2025\/06\/IMG_8920-2-1160x700.jpg\" class=\"attachment-cmsmasters-project-full-thumb size-cmsmasters-project-full-thumb\" alt=\"\" \/><\/div><\/div>\n<\/div>\n<\/div><\/div>\n<div id=\"cmsmasters_column_ob5n1jxxt\" class=\"cmsmasters_column one_half\">\n<div class=\"cmsmasters_column_inner\"><div id=\"cmsmasters_heading_p8732gyuje\" class=\"cmsmasters_heading_wrap cmsmasters_heading_align_center\">\n\t<h2 class=\"cmsmasters_heading\">Doble Superior<\/h2>\n<\/div><div id=\"cmsmasters_heading_fiou0vdr9\" class=\"cmsmasters_heading_wrap cmsmasters_heading_align_center\">\n\t<h3 class=\"cmsmasters_heading\">Vista para el Jard\u00edn y el Mar<\/h3>\n<\/div><div id=\"cmsmasters_fb_3k79zrw9zq\" class=\"cmsmasters_featured_block\">\n<div class=\"featured_block_inner\">\n<div class=\"featured_block_text\">\n<p style=\"text-align: center;\"><span style=\"color: #6a6a6a; font-size: 20px; line-height: 28px;\"><span style=\"font-weight: 400;\">Esta categor\u00eda es perfecta para quienes valoran amplitud sin excesos. Algunas habitaciones ofrecen vista al puerto y al mar, donde el constante entrar y salir de los barcos invita a so\u00f1ar con veleros y traves\u00edas lejanas. Otras miran hacia el jard\u00edn, con su vegetaci\u00f3n serena y colorida. Ambas vistas regalan calma, cada una a su manera.<\/span><\/span><\/p>\n\n<\/div>\n<\/div>\n<\/div>\n<div id=\"cmsmasters_button_1yt2xevsy\" class=\"button_wrap\"><a href=\"https:\/\/hotels.cloudbeds.com\/en\/reservation\/SdDBza\" class=\"cmsmasters_button cmsmasters_but_clear_styles cmsmasters_but_bg_slide_left\" data-animation=\"fadeInUp\" data-delay=\"0\" target=\"_blank\"><span>Agendar Una Reserva<\/span><\/a><\/div>\n<\/div><\/div>\n<\/div>\n<\/div>\n<\/div>\n<\/div>\n<\/div>\n<div id=\"cmsmasters_row_xxjm57gcq\" class=\"cmsmasters_row cmsmasters_color_scheme_default solo-mobile cmsmasters_row_top_default cmsmasters_row_bot_default cmsmasters_row_fullwidth\">\n<div class=\"cmsmasters_row_outer_parent\">\n<div class=\"cmsmasters_row_outer\">\n<div class=\"cmsmasters_row_inner cmsmasters_row_fullwidth cmsmasters_row_no_margin\">\n<div class=\"cmsmasters_row_margin\">\n<div id=\"cmsmasters_column_44jqur4cu2\" class=\"cmsmasters_column one_half\">\n<div class=\"cmsmasters_column_inner\"><div id=\"cmsmasters_heading_adc1x2vjn\" class=\"cmsmasters_heading_wrap cmsmasters_heading_align_center\">\n\t<h2 class=\"cmsmasters_heading\">Doble Superior<\/h2>\n<\/div><div id=\"cmsmasters_heading_dqfedjrtjk\" class=\"cmsmasters_heading_wrap cmsmasters_heading_align_center\">\n\t<h3 class=\"cmsmasters_heading\">Vista para el Jard\u00edn y el Mar<\/h3>\n<\/div><div id=\"cmsmasters_fb_o0q85gzfng\" class=\"cmsmasters_featured_block\">\n<div class=\"featured_block_inner\">\n<div class=\"featured_block_text\">\n<p style=\"text-align: center;\"><span style=\"color: #6a6a6a; font-size: 20px; line-height: 28px;\"><span style=\"font-weight: 400;\">Esta categor\u00eda es perfecta para quienes valoran amplitud sin excesos. Algunas habitaciones ofrecen vista al puerto y al mar, donde el constante entrar y salir de los barcos invita a so\u00f1ar con veleros y traves\u00edas lejanas. Otras miran hacia el jard\u00edn, con su vegetaci\u00f3n serena y colorida. Ambas vistas regalan calma, cada una a su manera.<\/span><\/span><\/p>\n\n<\/div>\n<\/div>\n<\/div>\n<div id=\"cmsmasters_button_lta3gyaic\" class=\"button_wrap\"><a href=\"https:\/\/hotels.cloudbeds.com\/en\/reservation\/SdDBza\" class=\"cmsmasters_button cmsmasters_but_clear_styles cmsmasters_but_bg_slide_left\" data-animation=\"fadeInUp\" data-delay=\"0\" target=\"_blank\"><span>Agendar Una Reserva<\/span><\/a><\/div>\n<\/div><\/div>\n<div id=\"cmsmasters_column_cu1lvou70s\" class=\"cmsmasters_column one_half\">\n<div class=\"cmsmasters_column_inner\"><div class=\"cmsmasters_content_slider_wrap galeria-ajustada\" style=\"max-width:1160px;\"><div id=\"cmsmasters_slider_bgqaqay8xw\" class=\"cmsmasters_owl_slider owl-carousel cmsmasters_content_slider\" data-auto-play=\"5000\" data-stop-on-hover=\"true\" data-rewind-nav=\"true\" data-slide-speed=\"600\" data-pagination-speed=\"600\" data-rewind-speed=\"600\" data-transition-style=\"false\" data-pagination=\"true\" data-navigation=\"true\"><div class=\"cmsmasters_owl_slider_item cmsmasters_content_slider_item\"><img loading=\"lazy\" decoding=\"async\" width=\"1160\" height=\"700\" src=\"https:\/\/laflora-valpo.com\/wp-content\/uploads\/2025\/06\/IMG_8483-2-1160x700.jpg\" class=\"attachment-cmsmasters-project-full-thumb size-cmsmasters-project-full-thumb\" alt=\"\" \/><\/div><div class=\"cmsmasters_owl_slider_item cmsmasters_content_slider_item\"><img loading=\"lazy\" decoding=\"async\" width=\"1160\" height=\"700\" src=\"https:\/\/laflora-valpo.com\/wp-content\/uploads\/2025\/06\/Chagual-1160x700.png\" class=\"attachment-cmsmasters-project-full-thumb size-cmsmasters-project-full-thumb\" alt=\"\" \/><\/div><div class=\"cmsmasters_owl_slider_item cmsmasters_content_slider_item\"><img loading=\"lazy\" decoding=\"async\" width=\"1160\" height=\"700\" src=\"https:\/\/laflora-valpo.com\/wp-content\/uploads\/2025\/06\/Heliconia-1160x700.png\" class=\"attachment-cmsmasters-project-full-thumb size-cmsmasters-project-full-thumb\" alt=\"\" \/><\/div><div class=\"cmsmasters_owl_slider_item cmsmasters_content_slider_item\"><img loading=\"lazy\" decoding=\"async\" width=\"1160\" height=\"700\" src=\"https:\/\/laflora-valpo.com\/wp-content\/uploads\/2025\/06\/Bano-Chagual-1160x700.png\" class=\"attachment-cmsmasters-project-full-thumb size-cmsmasters-project-full-thumb\" alt=\"\" \/><\/div><div class=\"cmsmasters_owl_slider_item cmsmasters_content_slider_item\"><img loading=\"lazy\" decoding=\"async\" width=\"1160\" height=\"700\" src=\"https:\/\/laflora-valpo.com\/wp-content\/uploads\/2025\/06\/Bano-Heliconia-1160x700.png\" class=\"attachment-cmsmasters-project-full-thumb size-cmsmasters-project-full-thumb\" alt=\"\" \/><\/div><div class=\"cmsmasters_owl_slider_item cmsmasters_content_slider_item\"><img loading=\"lazy\" decoding=\"async\" width=\"1160\" height=\"700\" src=\"https:\/\/laflora-valpo.com\/wp-content\/uploads\/2025\/06\/IMG_8920-2-1160x700.jpg\" class=\"attachment-cmsmasters-project-full-thumb size-cmsmasters-project-full-thumb\" alt=\"\" \/><\/div><\/div>\n<\/div>\n<\/div><\/div>\n<\/div>\n<\/div>\n<\/div>\n<\/div>\n<\/div>\n<div id=\"cmsmasters_row_jwsmd4t33p\" class=\"cmsmasters_row cmsmasters_color_scheme_default cmsmasters_row_top_default cmsmasters_row_bot_default cmsmasters_row_fullwidth\">\n<div class=\"cmsmasters_row_outer_parent\">\n<div class=\"cmsmasters_row_outer\">\n<div class=\"cmsmasters_row_inner cmsmasters_row_fullwidth cmsmasters_row_no_margin\">\n<div class=\"cmsmasters_row_margin\">\n<div id=\"cmsmasters_column_kp447jthab\" class=\"cmsmasters_column one_half\">\n<div class=\"cmsmasters_column_inner\"><div id=\"cmsmasters_heading_9bt0dj1oxy\" class=\"cmsmasters_heading_wrap cmsmasters_heading_align_center\">\n\t<h2 class=\"cmsmasters_heading\">Standard<\/h2>\n<\/div><div id=\"cmsmasters_heading_5exfooj2ya\" class=\"cmsmasters_heading_wrap cmsmasters_heading_align_center\">\n\t<h3 class=\"cmsmasters_heading\">Luminosa y funcional<\/h3>\n<\/div><div id=\"cmsmasters_fb_cjudb7hw3o\" class=\"cmsmasters_featured_block\">\n<div class=\"featured_block_inner\">\n<div class=\"featured_block_text\">\n<p style=\"text-align: center;\"><span style=\"color: #6a6a6a; font-size: 20px; line-height: 28px;\"><span style=\"font-weight: 400;\">Ideal para quienes buscan una opci\u00f3n pr\u00e1ctica sin sacrificar comodidad. Estas habitaciones ofrecen todo lo esencial para descansar despu\u00e9s de explorar Valpara\u00edso: buena iluminaci\u00f3n, cama confortable, dise\u00f1o simple y ba\u00f1o privado.<\/span><\/span><\/p>\n\n<\/div>\n<\/div>\n<\/div>\n<div id=\"cmsmasters_button_x7y2t2yta9\" class=\"button_wrap\"><a href=\"https:\/\/hotels.cloudbeds.com\/en\/reservation\/SdDBza\" class=\"cmsmasters_button cmsmasters_but_clear_styles cmsmasters_but_bg_slide_left\" data-animation=\"fadeInUp\" data-delay=\"0\" target=\"_blank\"><span>Agendar Una Reserva<\/span><\/a><\/div>\n<\/div><\/div>\n<div id=\"cmsmasters_column_so8zc0oda9\" class=\"cmsmasters_column one_half galeria-fija\">\n<div class=\"cmsmasters_column_inner\"><div class=\"cmsmasters_content_slider_wrap galeria-ajustada\" style=\"max-width:1160px;\"><div id=\"cmsmasters_slider_bgfvamr70a\" class=\"cmsmasters_owl_slider owl-carousel cmsmasters_content_slider\" data-auto-play=\"5000\" data-stop-on-hover=\"true\" data-rewind-nav=\"true\" data-slide-speed=\"600\" data-pagination-speed=\"600\" data-rewind-speed=\"600\" data-transition-style=\"false\" data-pagination=\"true\" data-navigation=\"true\"><div class=\"cmsmasters_owl_slider_item cmsmasters_content_slider_item\"><img loading=\"lazy\" decoding=\"async\" width=\"1160\" height=\"700\" src=\"https:\/\/laflora-valpo.com\/wp-content\/uploads\/2017\/05\/Frutilla-1160x700.jpg\" class=\"attachment-cmsmasters-project-full-thumb size-cmsmasters-project-full-thumb\" alt=\"\" \/><\/div><div class=\"cmsmasters_owl_slider_item cmsmasters_content_slider_item\"><img loading=\"lazy\" decoding=\"async\" width=\"1160\" height=\"700\" src=\"https:\/\/laflora-valpo.com\/wp-content\/uploads\/2025\/06\/MF301470-2150-1160x700.jpg\" class=\"attachment-cmsmasters-project-full-thumb size-cmsmasters-project-full-thumb\" alt=\"\" srcset=\"https:\/\/laflora-valpo.com\/wp-content\/uploads\/2025\/06\/MF301470-2150-1160x700.jpg 1160w, https:\/\/laflora-valpo.com\/wp-content\/uploads\/2025\/06\/MF301470-2150-18x10.jpg 18w\" sizes=\"auto, (max-width: 1160px) 100vw, 1160px\" \/><\/div><\/div>\n<\/div>\n<\/div><\/div>\n<\/div>\n<\/div>\n<\/div>\n<\/div>\n<\/div>\n<div id=\"cmsmasters_row_jd582pheqr\" class=\"cmsmasters_row cmsmasters_color_scheme_default solo-mobile cmsmasters_row_top_default cmsmasters_row_bot_default cmsmasters_row_boxed\">\n<div class=\"cmsmasters_row_outer_parent\">\n<div class=\"cmsmasters_row_outer\">\n<div class=\"cmsmasters_row_inner\">\n<div class=\"cmsmasters_row_margin\">\n<div id=\"cmsmasters_column_g9pmz2ps5\" class=\"cmsmasters_column one_fourth cmsmasters_column_sticky\">\n<div class=\"cmsmasters_column_inner\"><div id=\"cmsmasters_icon_box_xizjqewri5\" class=\"cmsmasters_icon_box cmsmasters_icon_top box_icon_type_icon cmsmasters-icon-rss-3\">\n<div class=\"icon_box_inner\">\n<h3 class=\"icon_box_heading\">WiFi gratis<\/h3>\n<div class=\"icon_box_text\">\n<p><\/p>\n<\/div>\n<\/div>\n<\/div>\n<\/div><\/div>\n<div id=\"cmsmasters_column_h1xthneb6c\" class=\"cmsmasters_column one_fourth\">\n<div class=\"cmsmasters_column_inner\"><div id=\"cmsmasters_icon_box_9piw0ay9iq\" class=\"cmsmasters_icon_box cmsmasters_icon_top box_icon_type_icon cmsmasters-icon-custom-breakfast\">\n<div class=\"icon_box_inner\">\n<h3 class=\"icon_box_heading\">Desayuno incluido<\/h3>\n<div class=\"icon_box_text\">\n<p><\/p>\n<\/div>\n<\/div>\n<\/div>\n<\/div><\/div>\n<div id=\"cmsmasters_column_g94iz4j65l\" class=\"cmsmasters_column one_fourth icono-2col\">\n<div class=\"cmsmasters_column_inner\"><div id=\"cmsmasters_icon_box_u4a7iqm53\" class=\"cmsmasters_icon_box cmsmasters_icon_top box_icon_type_icon cmsmasters-icon-lock-3\">\n<div class=\"icon_box_inner\">\n<h3 class=\"icon_box_heading\">Caja Fuerte<\/h3>\n<div class=\"icon_box_text\">\n<p><\/p>\n<\/div>\n<\/div>\n<\/div>\n<\/div><\/div>\n<div id=\"cmsmasters_column_qnw1255syb\" class=\"cmsmasters_column one_fourth icono-2col\">\n<div class=\"cmsmasters_column_inner\"><div id=\"cmsmasters_icon_box_zjrk9o3fv8\" class=\"cmsmasters_icon_box cmsmasters_icon_top box_icon_type_icon cmsmasters-icon-custom-bathroom\">\n<div class=\"icon_box_inner\">\n<h3 class=\"icon_box_heading\">Ba\u00f1o Privado<\/h3>\n<div class=\"icon_box_text\">\n<p><\/p>\n<\/div>\n<\/div>\n<\/div>\n<\/div><\/div>\n<\/div>\n<\/div>\n<\/div>\n<\/div>\n<\/div>\n<div id=\"cmsmasters_row_wva0as9g7j\" class=\"cmsmasters_row cmsmasters_color_scheme_default cmsmasters_row_top_default cmsmasters_row_bot_default cmsmasters_row_boxed\">\n<div class=\"cmsmasters_row_outer_parent\">\n<div class=\"cmsmasters_row_outer\">\n<div class=\"cmsmasters_row_inner cmsmasters_row_no_margin\">\n<div class=\"cmsmasters_row_margin cmsmasters_row_columns_behavior\">\n<div id=\"cmsmasters_column_920gvst4ic\" class=\"cmsmasters_column one_first\">\n<div class=\"cmsmasters_column_inner\"><div id=\"cmsmasters_heading_5niwpwyd88\" class=\"cmsmasters_heading_wrap cmsmasters_heading_align_center\">\n\t<h4 class=\"cmsmasters_heading\">Priorizamos materiales nobles, iluminaci\u00f3n natural y productos ecol\u00f3gicos de cuidado personal, alineados con nuestro compromiso con el bienestar y el respeto por el medio ambiente.<\/h4>\n<\/div>\n<\/div><\/div>\n<\/div>\n<\/div>\n<\/div>\n<\/div>\n<\/div>\n\n","protected":false},"excerpt":{"rendered":"","protected":false},"author":1,"featured_media":0,"parent":0,"menu_order":0,"comment_status":"closed","ping_status":"closed","template":"","meta":{"footnotes":""},"class_list":["post-17522","page","type-page","status-publish","hentry"],"_links":{"self":[{"href":"https:\/\/laflora-valpo.com\/es\/wp-json\/wp\/v2\/pages\/17522","targetHints":{"allow":["GET"]}}],"collection":[{"href":"https:\/\/laflora-valpo.com\/es\/wp-json\/wp\/v2\/pages"}],"about":[{"href":"https:\/\/laflora-valpo.com\/es\/wp-json\/wp\/v2\/types\/page"}],"author":[{"embeddable":true,"href":"https:\/\/laflora-valpo.com\/es\/wp-json\/wp\/v2\/users\/1"}],"replies":[{"embeddable":true,"href":"https:\/\/laflora-valpo.com\/es\/wp-json\/wp\/v2\/comments?post=17522"}],"version-history":[{"count":97,"href":"https:\/\/laflora-valpo.com\/es\/wp-json\/wp\/v2\/pages\/17522\/revisions"}],"predecessor-version":[{"id":18138,"href":"https:\/\/laflora-valpo.com\/es\/wp-json\/wp\/v2\/pages\/17522\/revisions\/18138"}],"wp:attachment":[{"href":"https:\/\/laflora-valpo.com\/es\/wp-json\/wp\/v2\/media?parent=17522"}],"curies":[{"name":"wp","href":"https:\/\/api.w.org\/{rel}","templated":true}]}}