{"id":17726,"date":"2025-05-19T21:23:06","date_gmt":"2025-05-19T21:23:06","guid":{"rendered":"https:\/\/laflora-valpo.com\/?page_id=17726"},"modified":"2025-06-09T00:56:47","modified_gmt":"2025-06-09T00:56:47","slug":"el-cornelio","status":"publish","type":"page","link":"https:\/\/laflora-valpo.com\/es\/el-cornelio\/","title":{"rendered":"El Cornelio"},"content":{"rendered":"<div id=\"cmsmasters_row_88od5u6dq7\" class=\"cmsmasters_row cmsmasters_color_scheme_default cmsmasters_row_top_default cmsmasters_row_bot_default cmsmasters_row_fullwidth\">\n<div class=\"cmsmasters_row_outer_parent\">\n<div class=\"cmsmasters_row_outer\">\n<div class=\"cmsmasters_row_inner cmsmasters_row_fullwidth cmsmasters_row_no_margin\">\n<div class=\"cmsmasters_row_margin cmsmasters_row_columns_behavior\">\n<div id=\"cmsmasters_column_24cb94n95m\" class=\"cmsmasters_column one_first\">\n<div class=\"cmsmasters_column_inner\"><div class=\"aligncenter\"><div class=\"cmsmasters_img  cmsmasters_image_c\"><img decoding=\"async\" src=\"https:\/\/laflora-valpo.com\/wp-content\/uploads\/2025\/05\/portada.png\" \/><\/div><\/div>\n<\/div><\/div>\n<\/div>\n<\/div>\n<\/div>\n<\/div>\n<\/div>\n<div id=\"cmsmasters_row_14yog7zk4\" class=\"cmsmasters_row cmsmasters_color_scheme_default cmsmasters_row_top_default cmsmasters_row_bot_default cmsmasters_row_boxed\">\n<div class=\"cmsmasters_row_outer_parent\">\n<div class=\"cmsmasters_row_outer\">\n<div class=\"cmsmasters_row_inner\">\n<div class=\"cmsmasters_row_margin\">\n<div id=\"cmsmasters_column_zdbwkmbblf\" class=\"cmsmasters_column one_third\">\n<div class=\"cmsmasters_column_inner\"><div id=\"cmsmasters_heading_wtd8haeln\" class=\"cmsmasters_heading_wrap cmsmasters_heading_align_left\">\n\t<h2 class=\"cmsmasters_heading\">\u00bfQu\u00e9 puedes encontrar en el Cornelio?<\/h2>\n<\/div>\n<div id=\"cmsmasters_divider_6t5djonnl\" class=\"cmsmasters_divider cmsmasters_divider_width_long cmsmasters_divider_pos_center\"><\/div>\n<div id=\"cmsmasters_video_wrap_klq7diy8z\" class=\"cmsmasters_video_wrap\">\n<div style=\"width: 400px;\" class=\"wp-video\"><!--[if lt IE 9]><script>document.createElement('video');<\/script><![endif]--><br \/>\n<video class=\"wp-video-shortcode\" id=\"video-17726-1\" width=\"400\" height=\"400\" preload=\"none\" controls=\"controls\"><source type=\"video\/mp4\" src=\"https:\/\/laflora-valpo.com\/wp-content\/uploads\/2025\/05\/0520.mp4?_=1\" \/><a href=\"https:\/\/laflora-valpo.com\/wp-content\/uploads\/2025\/05\/0520.mp4\">https:\/\/laflora-valpo.com\/wp-content\/uploads\/2025\/05\/0520.mp4<\/a><\/video><\/div>\n<\/div>\n<\/div><\/div>\n<div id=\"cmsmasters_column_oj70j2wg6n\" class=\"cmsmasters_column one_third\">\n<div class=\"cmsmasters_column_inner\"><ul id=\"cmsmasters_icon_list_items_2wedvdvhko\" class=\"cmsmasters_icon_list_items cmsmasters_icon_list_type_block cmsmasters_icon_list_pos_left cmsmasters_color_type_border\"><li id=\"cmsmasters_icon_list_item_zcdz9ufaq\" class=\"cmsmasters_icon_list_item\">\n<div class=\"cmsmasters_icon_list_item_inner\">\n<div class=\"cmsmasters_icon_list_icon_wrap\">\n<span class=\"cmsmasters_icon_list_icon cmsmasters-icon-arrow-right\"><\/span>\n<\/div>\n<div class=\"cmsmasters_icon_list_item_content\">\n<h5 class=\"cmsmasters_icon_list_item_title\">Senderos Naturales<\/h5>\n<div class=\"cmsmasters_icon_list_item_text\">\n<p><span style=\"font-weight: 400;\">Entre quebradas y lajas de granito.<\/span><\/p>\n<\/div>\n<\/div>\n<\/div>\n<\/li><li id=\"cmsmasters_icon_list_item_khsp5mvxrf\" class=\"cmsmasters_icon_list_item\">\n<div class=\"cmsmasters_icon_list_item_inner\">\n<div class=\"cmsmasters_icon_list_icon_wrap\">\n<span class=\"cmsmasters_icon_list_icon cmsmasters-icon-arrow-right\"><\/span>\n<\/div>\n<div class=\"cmsmasters_icon_list_item_content\">\n<h5 class=\"cmsmasters_icon_list_item_title\">Mina de Cuarzo<\/h5>\n<div class=\"cmsmasters_icon_list_item_text\">\n<p><span style=\"font-weight: 400;\">Donde puedes recoger tu propia piedra de la suerte.<\/span><\/p>\n<\/div>\n<\/div>\n<\/div>\n<\/li><li id=\"cmsmasters_icon_list_item_5da46xqnjn\" class=\"cmsmasters_icon_list_item\">\n<div class=\"cmsmasters_icon_list_item_inner\">\n<div class=\"cmsmasters_icon_list_icon_wrap\">\n<span class=\"cmsmasters_icon_list_icon cmsmasters-icon-arrow-right\"><\/span>\n<\/div>\n<div class=\"cmsmasters_icon_list_item_content\">\n<h5 class=\"cmsmasters_icon_list_item_title\">Palmar en Reforestaci\u00f3n<\/h5>\n<div class=\"cmsmasters_icon_list_item_text\">\n<p><span style=\"font-weight: 400;\">Con m\u00e1s de 100 ejemplares de palma chilena (<\/span><i><span style=\"font-weight: 400;\">Jubaea chilensis<\/span><\/i><span style=\"font-weight: 400;\">), especie en peligro de extinci\u00f3n.<\/span><\/p>\n<\/div>\n<\/div>\n<\/div>\n<\/li><li id=\"cmsmasters_icon_list_item_ate4zo9pej\" class=\"cmsmasters_icon_list_item\">\n<div class=\"cmsmasters_icon_list_item_inner\">\n<div class=\"cmsmasters_icon_list_icon_wrap\">\n<span class=\"cmsmasters_icon_list_icon cmsmasters-icon-arrow-right\"><\/span>\n<\/div>\n<div class=\"cmsmasters_icon_list_item_content\">\n<h5 class=\"cmsmasters_icon_list_item_title\">Cactario<\/h5>\n<div class=\"cmsmasters_icon_list_item_text\">\n<p><span style=\"font-weight: 400;\">Adem\u00e1s de zonas de observaci\u00f3n para flora y fauna nativa<\/span><\/p>\n<\/div>\n<\/div>\n<\/div>\n<\/li><\/ul>\n<\/div><\/div>\n<div id=\"cmsmasters_column_nuutookfqq\" class=\"cmsmasters_column one_third\">\n<div class=\"cmsmasters_column_inner\"><ul id=\"cmsmasters_icon_list_items_744ifxzsp3\" class=\"cmsmasters_icon_list_items cmsmasters_icon_list_type_block cmsmasters_icon_list_pos_left cmsmasters_color_type_border\"><li id=\"cmsmasters_icon_list_item_ur7tatxh8n\" class=\"cmsmasters_icon_list_item\">\n<div class=\"cmsmasters_icon_list_item_inner\">\n<div class=\"cmsmasters_icon_list_icon_wrap\">\n<span class=\"cmsmasters_icon_list_icon cmsmasters-icon-arrow-right\"><\/span>\n<\/div>\n<div class=\"cmsmasters_icon_list_item_content\">\n<h5 class=\"cmsmasters_icon_list_item_title\">Espacios de Meditaci\u00f3n<\/h5>\n<div class=\"cmsmasters_icon_list_item_text\">\n<p>Perfectos para la reflexi\u00f3n, la lectura y contemplaci\u00f3n<\/p>\n<\/div>\n<\/div>\n<\/div>\n<\/li><li id=\"cmsmasters_icon_list_item_uvr9d5jtmq\" class=\"cmsmasters_icon_list_item\">\n<div class=\"cmsmasters_icon_list_item_inner\">\n<div class=\"cmsmasters_icon_list_icon_wrap\">\n<span class=\"cmsmasters_icon_list_icon cmsmasters-icon-arrow-right\"><\/span>\n<\/div>\n<div class=\"cmsmasters_icon_list_item_content\">\n<h5 class=\"cmsmasters_icon_list_item_title\">Horno de barro tradicional<\/h5>\n<div class=\"cmsmasters_icon_list_item_text\">\n<p><span style=\"font-weight: 400;\">Donde se cocinan empanadas al fuego.<\/span><\/p>\n<\/div>\n<\/div>\n<\/div>\n<\/li><li id=\"cmsmasters_icon_list_item_03ctlo7t89\" class=\"cmsmasters_icon_list_item\">\n<div class=\"cmsmasters_icon_list_item_inner\">\n<div class=\"cmsmasters_icon_list_icon_wrap\">\n<span class=\"cmsmasters_icon_list_icon cmsmasters-icon-arrow-right\"><\/span>\n<\/div>\n<div class=\"cmsmasters_icon_list_item_content\">\n<h5 class=\"cmsmasters_icon_list_item_title\">Cava de vinos<\/h5>\n<div class=\"cmsmasters_icon_list_item_text\">\n<p><span style=\"font-weight: 400;\">Ideal para degustaciones en un entorno fresco y natural.<\/span><\/p>\n<\/div>\n<\/div>\n<\/div>\n<\/li><li id=\"cmsmasters_icon_list_item_jeml0ohzlq\" class=\"cmsmasters_icon_list_item\">\n<div class=\"cmsmasters_icon_list_item_inner\">\n<div class=\"cmsmasters_icon_list_icon_wrap\">\n<span class=\"cmsmasters_icon_list_icon cmsmasters-icon-arrow-right\"><\/span>\n<\/div>\n<div class=\"cmsmasters_icon_list_item_content\">\n<h5 class=\"cmsmasters_icon_list_item_title\">Flora y Lul\u00fa<\/h5>\n<div class=\"cmsmasters_icon_list_item_text\">\n<p><span style=\"font-weight: 400;\">Nuestras burras residentes, siempre listas para acompa\u00f1ar caminatas con calma y simpat\u00eda.<\/span><\/p>\n<\/div>\n<\/div>\n<\/div>\n<\/li><\/ul>\n<\/div><\/div>\n<\/div>\n<\/div>\n<\/div>\n<\/div>\n<\/div>\n<div id=\"cmsmasters_row_48dyf6x31\" class=\"cmsmasters_row cmsmasters_color_scheme_default cmsmasters_row_top_default cmsmasters_row_bot_default cmsmasters_row_fullwidth\">\n<div class=\"cmsmasters_row_outer_parent\">\n<div class=\"cmsmasters_row_outer\">\n<div class=\"cmsmasters_row_inner cmsmasters_row_fullwidth cmsmasters_row_no_margin\">\n<div class=\"cmsmasters_row_margin cmsmasters_row_columns_behavior\">\n<div id=\"cmsmasters_column_1mqzg3mo9d\" class=\"cmsmasters_column one_half\">\n<div class=\"cmsmasters_column_inner\"><div id=\"cmsmasters_heading_895lwai94b\" class=\"cmsmasters_heading_wrap cmsmasters_heading_align_center\">\n\t<h2 class=\"cmsmasters_heading\">La Casa de Barro de Siete Caras<\/h2>\n<\/div><div id=\"cmsmasters_fb_xvlwtm8r7e\" class=\"cmsmasters_featured_block\">\n<div class=\"featured_block_inner\">\n<div class=\"featured_block_text\">\n<p style=\"text-align: center;\"><span style=\"color: #6a6a6a; font-size: 20px; line-height: 28px;\">El terreno tambi\u00e9n alberga una construcci\u00f3n singular: una casa hacienda de barro de siete caras, inspirada en principios de bioconstrucci\u00f3n. Esta estructura acoge parte de nuestras experiencias, actividades y momentos de encuentro. Su forma \u00fanica y materiales naturales la convierten en un s\u00edmbolo del esp\u00edritu de El Cornelio: r\u00fastico, arm\u00f3nico y profundamente conectado con la tierra.<\/span><\/p>\n\n<\/div>\n<\/div>\n<\/div>\n<\/div><\/div>\n<div id=\"cmsmasters_column_kxjlp0ulp\" class=\"cmsmasters_column one_half\">\n<div class=\"cmsmasters_column_inner\"><div class=\"cmsmasters_content_slider_wrap\" style=\"max-width:px;\"><div id=\"cmsmasters_slider_7nd7apikqe\" class=\"cmsmasters_owl_slider owl-carousel cmsmasters_content_slider\" data-auto-play=\"7000\" data-stop-on-hover=\"true\" data-rewind-nav=\"true\" data-slide-speed=\"600\" data-pagination-speed=\"600\" data-rewind-speed=\"1000\" data-transition-style=\"false\" data-pagination=\"true\" data-navigation=\"true\"><div class=\"cmsmasters_owl_slider_item cmsmasters_content_slider_item\"><img loading=\"lazy\" decoding=\"async\" width=\"2000\" height=\"1333\" src=\"https:\/\/laflora-valpo.com\/wp-content\/uploads\/2025\/05\/333c6bb5-0b18-4c50-ae9b-7b1d7371cb65b.png\" class=\"attachment-full size-full\" alt=\"\" srcset=\"https:\/\/laflora-valpo.com\/wp-content\/uploads\/2025\/05\/333c6bb5-0b18-4c50-ae9b-7b1d7371cb65b.png 2000w, https:\/\/laflora-valpo.com\/wp-content\/uploads\/2025\/05\/333c6bb5-0b18-4c50-ae9b-7b1d7371cb65b-300x200.png 300w, https:\/\/laflora-valpo.com\/wp-content\/uploads\/2025\/05\/333c6bb5-0b18-4c50-ae9b-7b1d7371cb65b-1024x682.png 1024w, https:\/\/laflora-valpo.com\/wp-content\/uploads\/2025\/05\/333c6bb5-0b18-4c50-ae9b-7b1d7371cb65b-768x512.png 768w, https:\/\/laflora-valpo.com\/wp-content\/uploads\/2025\/05\/333c6bb5-0b18-4c50-ae9b-7b1d7371cb65b-1536x1024.png 1536w, https:\/\/laflora-valpo.com\/wp-content\/uploads\/2025\/05\/333c6bb5-0b18-4c50-ae9b-7b1d7371cb65b-580x387.png 580w, https:\/\/laflora-valpo.com\/wp-content\/uploads\/2025\/05\/333c6bb5-0b18-4c50-ae9b-7b1d7371cb65b-860x573.png 860w, https:\/\/laflora-valpo.com\/wp-content\/uploads\/2025\/05\/333c6bb5-0b18-4c50-ae9b-7b1d7371cb65b-1160x773.png 1160w, https:\/\/laflora-valpo.com\/wp-content\/uploads\/2025\/05\/333c6bb5-0b18-4c50-ae9b-7b1d7371cb65b-1320x880.png 1320w, https:\/\/laflora-valpo.com\/wp-content\/uploads\/2025\/05\/333c6bb5-0b18-4c50-ae9b-7b1d7371cb65b-600x400.png 600w\" sizes=\"auto, (max-width: 2000px) 100vw, 2000px\" \/><\/div><\/div>\n<\/div>\n<\/div><\/div>\n<\/div>\n<\/div>\n<\/div>\n<\/div>\n<\/div>\n<div id=\"cmsmasters_row_jemyfp5q6\" class=\"cmsmasters_row cmsmasters_color_scheme_default cmsmasters_row_top_default cmsmasters_row_bot_default cmsmasters_row_boxed\">\n<div class=\"cmsmasters_row_outer_parent\">\n<div class=\"cmsmasters_row_outer\">\n<div class=\"cmsmasters_row_inner\">\n<div class=\"cmsmasters_row_margin\">\n<div id=\"cmsmasters_column_sr7wi3lcg\" class=\"cmsmasters_column one_first\">\n<div class=\"cmsmasters_column_inner\"><div id=\"cmsmasters_heading_i49vfx70is\" class=\"cmsmasters_heading_wrap cmsmasters_heading_align_center\">\n\t<h2 class=\"cmsmasters_heading\">Experiencias<\/h2>\n<\/div><div id=\"cmsmasters_fb_jvjvelnr6s\" class=\"cmsmasters_featured_block\">\n<div class=\"featured_block_inner\">\n<div class=\"featured_block_text\">\n<p style=\"text-align: center;\"><span style=\"color: #6a6a6a; font-size: 20px; line-height: 28px;\"><span style=\"font-weight: 400;\">Ofrecemos dos modalidades principales para visitar El Cornelio:<\/span><\/span><\/p>\n\n<\/div>\n<\/div>\n<\/div>\n<\/div><\/div>\n<\/div>\n<\/div>\n<\/div>\n<\/div>\n<\/div>\n<div id=\"cmsmasters_row_88komkg55\" class=\"cmsmasters_row cmsmasters_color_scheme_default cmsmasters_row_top_default cmsmasters_row_bot_default cmsmasters_row_boxed\">\n<div class=\"cmsmasters_row_outer_parent\">\n<div class=\"cmsmasters_row_outer\">\n<div class=\"cmsmasters_row_inner\">\n<div class=\"cmsmasters_row_margin\">\n<div id=\"cmsmasters_column_e3m75qa44\" class=\"cmsmasters_column one_third\">\n<div class=\"cmsmasters_column_inner\"><div class=\"cmsmasters_content_slider_wrap\" style=\"max-width:px;\"><div id=\"cmsmasters_slider_26dfih4qfn\" class=\"cmsmasters_owl_slider owl-carousel cmsmasters_content_slider\" data-auto-play=\"7000\" data-stop-on-hover=\"true\" data-rewind-nav=\"true\" data-slide-speed=\"600\" data-pagination-speed=\"600\" data-rewind-speed=\"1000\" data-transition-style=\"false\" data-pagination=\"true\" data-navigation=\"true\"><div class=\"cmsmasters_owl_slider_item cmsmasters_content_slider_item\"><img loading=\"lazy\" decoding=\"async\" width=\"888\" height=\"1333\" src=\"https:\/\/laflora-valpo.com\/wp-content\/uploads\/2025\/05\/IMG_0521b.png\" class=\"attachment-full size-full\" alt=\"\" srcset=\"https:\/\/laflora-valpo.com\/wp-content\/uploads\/2025\/05\/IMG_0521b.png 888w, https:\/\/laflora-valpo.com\/wp-content\/uploads\/2025\/05\/IMG_0521b-200x300.png 200w, https:\/\/laflora-valpo.com\/wp-content\/uploads\/2025\/05\/IMG_0521b-682x1024.png 682w, https:\/\/laflora-valpo.com\/wp-content\/uploads\/2025\/05\/IMG_0521b-768x1153.png 768w, https:\/\/laflora-valpo.com\/wp-content\/uploads\/2025\/05\/IMG_0521b-580x871.png 580w, https:\/\/laflora-valpo.com\/wp-content\/uploads\/2025\/05\/IMG_0521b-860x1291.png 860w, https:\/\/laflora-valpo.com\/wp-content\/uploads\/2025\/05\/IMG_0521b-600x901.png 600w\" sizes=\"auto, (max-width: 888px) 100vw, 888px\" \/><\/div><\/div>\n<\/div>\n<\/div><\/div>\n<div id=\"cmsmasters_column_lf1hcr96p\" class=\"cmsmasters_column two_third\">\n<div class=\"cmsmasters_column_inner\"><div class=\"cmsmasters_wrap_table\"><table class=\"cmsmasters_table\"><caption><\/caption><thead><tr class=\"cmsmasters_table_row_header\"><th class=\"cmsmasters_table_cell_alignleft\">Excursi\u00f3n Full Day<\/th><\/tr><\/thead><tr><td class=\"cmsmasters_table_cell_alignleft\">Caminata Guiada<\/td><\/tr><tr><td class=\"cmsmasters_table_cell_alignleft\">Almuerzo en Horno de Barro<\/td><\/tr><tr><td class=\"cmsmasters_table_cell_alignleft\">Degustaci\u00f3n de Vinos<\/td><\/tr><tr><td class=\"cmsmasters_table_cell_alignleft\">Recorrido Libre<\/td><\/tr><\/table><\/div><div class=\"cmsmasters_wrap_table\"><table class=\"cmsmasters_table\"><caption><\/caption><thead><tr class=\"cmsmasters_table_row_header\"><th class=\"cmsmasters_table_cell_alignleft\">Estad\u00eda Exclusiva<\/th><\/tr><\/thead><tr><td class=\"cmsmasters_table_cell_alignleft\">Una Noche en Plena Naturaleza<\/td><\/tr><tr><td class=\"cmsmasters_table_cell_alignleft\">Cena Rom\u00e1ntica<\/td><\/tr><tr><td class=\"cmsmasters_table_cell_alignleft\">Observaci\u00f3n de Estrellas<\/td><\/tr><tr><td class=\"cmsmasters_table_cell_alignleft\">Desayuno Campestre y Actividades Guiadas<\/td><\/tr><\/table><\/div>\n<\/div><\/div>\n<\/div>\n<\/div>\n<\/div>\n<\/div>\n<\/div>\n<div id=\"cmsmasters_row_skmht4ek56\" class=\"cmsmasters_row cmsmasters_color_scheme_default cmsmasters_row_top_default cmsmasters_row_bot_default cmsmasters_row_boxed\">\n<div class=\"cmsmasters_row_outer_parent\">\n<div class=\"cmsmasters_row_outer\">\n<div class=\"cmsmasters_row_inner\">\n<div class=\"cmsmasters_row_margin\">\n<div id=\"cmsmasters_column_s11fs1seqt\" class=\"cmsmasters_column one_first\">\n<div class=\"cmsmasters_column_inner\"><div id=\"cmsmasters_fb_htusipr7ha\" class=\"cmsmasters_featured_block\">\n<div class=\"featured_block_inner\">\n<div class=\"featured_block_text\">\n<p style=\"text-align: center;\"><span style=\"color: #6a6a6a; font-size: 20px; line-height: 28px;\"><span style=\"font-weight: 400;\">Cont\u00e1ctanos para reservar tu experiencia en El Cornelio.<\/span><\/span><\/p>\n\n<\/div>\n<\/div>\n<\/div>\n<div id=\"cmsmasters_button_g22kf4guu\" class=\"button_wrap\"><a href=\"https:\/\/laflora-valpo.com\/contacto\/\" class=\"cmsmasters_button\"><span>Contacto<\/span><\/a><\/div>\n<\/div><\/div>\n<\/div>\n<\/div>\n<\/div>\n<\/div>\n<\/div>\n<div id=\"cmsmasters_row_c21l45yoo\" class=\"cmsmasters_row cmsmasters_color_scheme_default cmsmasters_row_top_default cmsmasters_row_bot_default cmsmasters_row_boxed\">\n<div class=\"cmsmasters_row_outer_parent\">\n<div class=\"cmsmasters_row_outer\">\n<div class=\"cmsmasters_row_inner cmsmasters_row_no_margin\">\n<div class=\"cmsmasters_row_margin cmsmasters_row_columns_behavior\">\n<div id=\"cmsmasters_column_08dw28332\" class=\"cmsmasters_column one_first\">\n<div class=\"cmsmasters_column_inner\"><div id=\"cmsmasters_heading_3vo7nw2cj\" class=\"cmsmasters_heading_wrap cmsmasters_heading_align_center\">\n\t<h4 class=\"cmsmasters_heading\">El Cornelio no es s\u00f3lo un lugar, es una invitaci\u00f3n a sentir la naturaleza y vivirla con respeto, calma y curiosidad.<\/h4>\n<\/div>\n<\/div><\/div>\n<\/div>\n<\/div>\n<\/div>\n<\/div>\n<\/div>\n\n","protected":false},"excerpt":{"rendered":"","protected":false},"author":1,"featured_media":0,"parent":0,"menu_order":0,"comment_status":"closed","ping_status":"closed","template":"","meta":{"footnotes":""},"class_list":["post-17726","page","type-page","status-publish","hentry"],"_links":{"self":[{"href":"https:\/\/laflora-valpo.com\/es\/wp-json\/wp\/v2\/pages\/17726","targetHints":{"allow":["GET"]}}],"collection":[{"href":"https:\/\/laflora-valpo.com\/es\/wp-json\/wp\/v2\/pages"}],"about":[{"href":"https:\/\/laflora-valpo.com\/es\/wp-json\/wp\/v2\/types\/page"}],"author":[{"embeddable":true,"href":"https:\/\/laflora-valpo.com\/es\/wp-json\/wp\/v2\/users\/1"}],"replies":[{"embeddable":true,"href":"https:\/\/laflora-valpo.com\/es\/wp-json\/wp\/v2\/comments?post=17726"}],"version-history":[{"count":67,"href":"https:\/\/laflora-valpo.com\/es\/wp-json\/wp\/v2\/pages\/17726\/revisions"}],"predecessor-version":[{"id":18023,"href":"https:\/\/laflora-valpo.com\/es\/wp-json\/wp\/v2\/pages\/17726\/revisions\/18023"}],"wp:attachment":[{"href":"https:\/\/laflora-valpo.com\/es\/wp-json\/wp\/v2\/media?parent=17726"}],"curies":[{"name":"wp","href":"https:\/\/api.w.org\/{rel}","templated":true}]}}