{"id":17922,"date":"2025-06-02T20:36:01","date_gmt":"2025-06-02T20:36:01","guid":{"rendered":"https:\/\/laflora-valpo.com\/?page_id=17922"},"modified":"2025-07-14T16:29:12","modified_gmt":"2025-07-14T16:29:12","slug":"legales","status":"publish","type":"page","link":"https:\/\/laflora-valpo.com\/es\/legales\/","title":{"rendered":"Legales"},"content":{"rendered":"<div id=\"cmsmasters_row_biu7ovtl8\" class=\"cmsmasters_row cmsmasters_color_scheme_default cmsmasters_row_top_default cmsmasters_row_bot_default cmsmasters_row_boxed\">\n<div class=\"cmsmasters_row_outer_parent\">\n<div class=\"cmsmasters_row_outer\">\n<div class=\"cmsmasters_row_inner\">\n<div class=\"cmsmasters_row_margin\">\n<div id=\"cmsmasters_column_45l7euk14v\" class=\"cmsmasters_column one_first\">\n<div class=\"cmsmasters_column_inner\">\n<div id=\"cmsmasters_divider_nuo7bjdo4c\" class=\"cmsmasters_divider cmsmasters_divider_width_long cmsmasters_divider_pos_center\"><\/div>\n<\/div><\/div>\n<\/div>\n<\/div>\n<\/div>\n<\/div>\n<\/div>\n<div id=\"cmsmasters_row_b6gs6mo8w\" class=\"cmsmasters_row cmsmasters_color_scheme_default cmsmasters_row_top_default cmsmasters_row_bot_default cmsmasters_row_boxed\">\n<div id=\"terminos\" class=\"cmsmasters_row_outer_parent\">\n<div class=\"cmsmasters_row_outer\">\n<div class=\"cmsmasters_row_inner\">\n<div class=\"cmsmasters_row_margin\">\n<div id=\"cmsmasters_column_rgcg0pti9v\" class=\"cmsmasters_column one_first\">\n<div class=\"cmsmasters_column_inner\"><div id=\"cmsmasters_heading_pw8tsu34dj\" class=\"cmsmasters_heading_wrap cmsmasters_heading_align_center\">\n\t<h2 class=\"cmsmasters_heading\">T\u00e9rminos y Condiciones<\/h2>\n<\/div><div id=\"cmsmasters_fb_2i6hczsny\" class=\"cmsmasters_featured_block\">\n<div class=\"featured_block_inner\">\n<div class=\"featured_block_text\">\n<p style=\"text-align: center;\"><sup><span style=\"font-weight: 400;\">\u00daltima actualizaci\u00f3n: [2\/06\/2025]<\/span><\/sup><\/p>\n\n<\/div>\n<\/div>\n<\/div>\n<div id=\"cmsmasters_divider_9mqn2hl93h\" class=\"cmsmasters_divider cmsmasters_divider_width_long cmsmasters_divider_pos_center\"><\/div>\n<div id=\"cmsmasters_fb_wjm19y52dh\" class=\"cmsmasters_featured_block\">\n<div class=\"featured_block_inner\">\n<div class=\"featured_block_text\">\n<p style=\"text-align: center;\"><span style=\"font-weight: 400;\">Bienvenido\/a al sitio web de Ayca La Flora. Al reservar o hacer uso de nuestros servicios, aceptas los siguientes t\u00e9rminos:<\/span><\/p>\n\n<\/div>\n<\/div>\n<\/div>\n<div id=\"cmsmasters_fb_4ascv00k\" class=\"cmsmasters_featured_block\">\n<div class=\"featured_block_inner\">\n<div class=\"featured_block_text\">\n<h3 style=\"text-align: center;\"><span style=\"font-weight: 400;\">Reservas<\/span><\/h3>\n<ul>\n<li style=\"font-weight: 400; text-align: center;\" aria-level=\"1\"><span style=\"font-weight: 400;\">Las reservas pueden realizarse a trav\u00e9s de nuestra web, correo o plataformas asociadas.<\/span><\/li>\n<li style=\"font-weight: 400; text-align: center;\" aria-level=\"1\"><span style=\"font-weight: 400;\">Se solicitar\u00e1 una garant\u00eda mediante tarjeta de cr\u00e9dito, transferencia o pago anticipado.<\/span><\/li>\n<li style=\"font-weight: 400; text-align: center;\" aria-level=\"1\"><span style=\"font-weight: 400;\">La reserva se confirma una vez recibido el comprobante de pago o validaci\u00f3n del medio de garant\u00eda.<\/span><\/li>\n<\/ul>\n\n<\/div>\n<\/div>\n<\/div>\n<div id=\"cmsmasters_fb_p2z74kbu78\" class=\"cmsmasters_featured_block\">\n<div class=\"featured_block_inner\">\n<div class=\"featured_block_text\">\n<h3 style=\"text-align: center;\"><span style=\"font-weight: 400;\">Modificaciones y Cancelaciones<\/span><\/h3>\n<ul>\n<li style=\"font-weight: 400; text-align: center;\" aria-level=\"1\"><span style=\"font-weight: 400;\">Las modificaciones est\u00e1n sujetas a disponibilidad.<\/span><\/li>\n<li style=\"font-weight: 400; text-align: center;\" aria-level=\"1\">Cancelaciones sin penalidad hasta 3 d\u00edas antes de la fecha de llegada, excepto en fechas especiales, que son no modificables ni reembolsables.<\/li>\n<li style=\"font-weight: 400; text-align: center;\" aria-level=\"1\"><span style=\"font-weight: 400;\">Cancelaciones tard\u00edas o no presentaci\u00f3n (no-show) implican el cobro del 100% de la primera noche.<\/span><\/li>\n<\/ul>\n\n<\/div>\n<\/div>\n<\/div>\n<div id=\"cmsmasters_fb_xv07svrojn\" class=\"cmsmasters_featured_block\">\n<div class=\"featured_block_inner\">\n<div class=\"featured_block_text\">\n<h3 style=\"text-align: center;\"><span style=\"font-weight: 400;\">Check-in \/ Check-out<\/span><\/h3>\n<ul>\n<li style=\"font-weight: 400; text-align: center;\" aria-level=\"1\"><span style=\"font-weight: 400;\">Check-in: desde las 14:00 hrs<\/span><\/li>\n<li style=\"font-weight: 400; text-align: center;\" aria-level=\"1\"><span style=\"font-weight: 400;\">Check-out: hasta las 11:00 hrs<\/span><\/li>\n<\/ul>\n\n<\/div>\n<\/div>\n<\/div>\n<div id=\"cmsmasters_fb_s7lot2rvh\" class=\"cmsmasters_featured_block\">\n<div class=\"featured_block_inner\">\n<div class=\"featured_block_text\">\n<h3 style=\"text-align: center;\"><span style=\"font-weight: 400;\">Normas de estad\u00eda<\/span><\/h3>\n<ul>\n<li style=\"font-weight: 400; text-align: center;\" aria-level=\"1\"><span style=\"font-weight: 400;\">Somos un hotel sin humo, pero contamos con una zona para fumadores.<\/span><\/li>\n<li style=\"font-weight: 400; text-align: center;\" aria-level=\"1\"><span style=\"font-weight: 400;\">No se admiten mascotas.<\/span><\/li>\n<li style=\"text-align: center;\" aria-level=\"1\">Por seguridad, no se admiten menores de 12 a\u00f1os.<\/li>\n<li style=\"font-weight: 400; text-align: center;\" aria-level=\"1\"><span style=\"font-weight: 400;\">El uso de las instalaciones es exclusivo para hu\u00e9spedes registrados.<\/span><\/li>\n<\/ul>\n\n<\/div>\n<\/div>\n<\/div>\n<div id=\"cmsmasters_fb_xrmwliae2h\" class=\"cmsmasters_featured_block\">\n<div class=\"featured_block_inner\">\n<div class=\"featured_block_text\">\n<h3 style=\"text-align: center;\"><span style=\"font-weight: 400;\">Responsabilidad<\/span><\/h3>\n<p style=\"text-align: center;\"><span style=\"font-weight: 400;\">La Flora SpA. no se hace responsable por p\u00e9rdidas de objetos personales no resguardados. El hu\u00e9sped es responsable de cualquier da\u00f1o ocasionado a la propiedad durante su estad\u00eda.<\/span><\/p>\n\n<\/div>\n<\/div>\n<\/div>\n<div id=\"cmsmasters_button_xdxmzap7jp\" class=\"button_wrap\"><a href=\"https:\/\/laflora-valpo.com\/faq\/\" class=\"cmsmasters_button\"><span>Ver Preguntas Frecuentes<\/span><\/a><\/div>\n<\/div><\/div>\n<\/div>\n<\/div>\n<\/div>\n<\/div>\n<\/div>\n<div id=\"cmsmasters_row_yt0rx78rb4\" class=\"cmsmasters_row cmsmasters_color_scheme_default cmsmasters_row_top_default cmsmasters_row_bot_default cmsmasters_row_boxed\">\n<div id=\"cookies\" class=\"cmsmasters_row_outer_parent\">\n<div class=\"cmsmasters_row_outer\">\n<div class=\"cmsmasters_row_inner\">\n<div class=\"cmsmasters_row_margin\">\n<div id=\"cmsmasters_column_digkuwnebr\" class=\"cmsmasters_column one_first\">\n<div class=\"cmsmasters_column_inner\">\n<div id=\"cmsmasters_divider_qh9wk9k238\" class=\"cmsmasters_divider cmsmasters_divider_width_long cmsmasters_divider_pos_center\"><\/div>\n<\/div><\/div>\n<\/div>\n<\/div>\n<\/div>\n<\/div>\n<\/div>\n<div id=\"cmsmasters_row_89bcto3c6\" class=\"cmsmasters_row cmsmasters_color_scheme_default cmsmasters_row_top_default cmsmasters_row_bot_default cmsmasters_row_boxed\">\n<div class=\"cmsmasters_row_outer_parent\">\n<div class=\"cmsmasters_row_outer\">\n<div class=\"cmsmasters_row_inner\">\n<div class=\"cmsmasters_row_margin\">\n<div id=\"cmsmasters_column_ghogi8l8xm\" class=\"cmsmasters_column one_first\">\n<div class=\"cmsmasters_column_inner\"><div id=\"cmsmasters_heading_3bc35lmnhg\" class=\"cmsmasters_heading_wrap cmsmasters_heading_align_center\">\n\t<h2 class=\"cmsmasters_heading\">Pol\u00edtica de Cookies<\/h2>\n<\/div><div id=\"cmsmasters_fb_iy9jh0hijb\" class=\"cmsmasters_featured_block\">\n<div class=\"featured_block_inner\">\n<div class=\"featured_block_text\">\n<p style=\"text-align: center;\"><sup><span style=\"font-weight: 400;\">Compromiso con tu privacidad<\/span><\/sup><\/p>\n\n<\/div>\n<\/div>\n<\/div>\n<div id=\"cmsmasters_divider_vrzics3hk8\" class=\"cmsmasters_divider cmsmasters_divider_width_long cmsmasters_divider_pos_center\"><\/div>\n<div id=\"cmsmasters_fb_13ljxj7d57\" class=\"cmsmasters_featured_block\">\n<div class=\"featured_block_inner\">\n<div class=\"featured_block_text\">\n<p style=\"text-align: center;\"><span style=\"font-weight: 400;\">La Flora SpA. respeta y protege los datos personales de todos sus visitantes y hu\u00e9spedes, de acuerdo con la Ley de Protecci\u00f3n de Datos N\u00b0 19 620.<\/span><\/p>\n\n<\/div>\n<\/div>\n<\/div>\n<div id=\"cmsmasters_fb_3gniiytwiy\" class=\"cmsmasters_featured_block\">\n<div class=\"featured_block_inner\">\n<div class=\"featured_block_text\">\n<h3 style=\"text-align: center;\"><span style=\"font-weight: 400;\">Datos que recopilamos<\/span><\/h3>\n<ul style=\"text-align: center;\">\n<li><span style=\"font-weight: 400;\">Nombre, correo electr\u00f3nico, tel\u00e9fono y pa\u00eds de residencia<\/span><\/li>\n<li><span style=\"font-weight: 400;\">Datos de reserva (fechas, habitaci\u00f3n, preferencias)<\/span><\/li>\n<li><span style=\"font-weight: 400;\">Informaci\u00f3n de navegaci\u00f3n en el sitio web (cookies)<\/span><\/li>\n<\/ul>\n<h3 style=\"text-align: center;\"><\/h3>\n\n<\/div>\n<\/div>\n<\/div>\n<div id=\"cmsmasters_fb_97egs6lawn\" class=\"cmsmasters_featured_block\">\n<div class=\"featured_block_inner\">\n<div class=\"featured_block_text\">\n<h3 style=\"text-align: center;\"><span style=\"font-weight: 400;\">\u00bfPara qu\u00e9 los usamos?<\/span><\/h3>\n<ul>\n<li style=\"text-align: center;\"><span style=\"font-weight: 400;\">Gestionar reservas y mejorar tu experiencia<\/span><span style=\"font-weight: 400;\"><br \/>\n<\/span><\/li>\n<li style=\"text-align: center;\"><span style=\"font-weight: 400;\">Comunicaci\u00f3n previa y posterior a la estad\u00eda<\/span><span style=\"font-weight: 400;\"><br \/>\n<\/span><\/li>\n<li style=\"text-align: center;\"><span style=\"font-weight: 400;\">An\u00e1lisis del uso del sitio para fines internos<\/span><\/li>\n<\/ul>\n\n<\/div>\n<\/div>\n<\/div>\n<div id=\"cmsmasters_fb_h1f3e16dkz\" class=\"cmsmasters_featured_block\">\n<div class=\"featured_block_inner\">\n<div class=\"featured_block_text\">\n<h3 style=\"text-align: center;\"><span style=\"font-weight: 400;\">Cookies<\/span><\/h3>\n<p style=\"text-align: center;\"><span style=\"font-weight: 400;\">Utilizamos cookies propias y de terceros (como Google Analytics) para medir visitas y mejorar la navegaci\u00f3n. Puedes gestionar tus preferencias desde tu navegador.<\/span><\/p>\n\n<\/div>\n<\/div>\n<\/div>\n<div id=\"cmsmasters_fb_0xxvyau5yl\" class=\"cmsmasters_featured_block\">\n<div class=\"featured_block_inner\">\n<div class=\"featured_block_text\">\n<h3 style=\"text-align: center;\"><span style=\"font-weight: 400;\">Derechos del usuario<\/span><\/h3>\n<p style=\"text-align: center;\"><span style=\"font-weight: 400;\">Tienes derecho a acceder, corregir o eliminar tus datos personales. Para hacerlo, escr\u00edbenos a: <strong>hotel@laflora-valpo.com<\/strong><\/span><\/p>\n\n<\/div>\n<\/div>\n<\/div>\n<div id=\"cmsmasters_fb_jpjhuliynq\" class=\"cmsmasters_featured_block\">\n<div class=\"featured_block_inner\">\n<div class=\"featured_block_text\">\n<h3 style=\"text-align: center;\"><span style=\"font-weight: 400;\">Uso de Cloudbeds Digital Marketing<\/span><\/h3>\n<p style=\"text-align: center;\">Adem\u00e1s, este sitio utiliza herramientas de marketing proporcionadas por Cloudbeds Digital Marketing, que pueden instalar cookies o p\u00edxeles para analizar el comportamiento del usuario, mostrar anuncios personalizados y realizar seguimiento de conversiones. Estos datos pueden ser compartidos con Cloudbeds con fines exclusivamente publicitarios y anal\u00edticos. Al continuar navegando, usted acepta el uso de estas tecnolog\u00edas. Puede obtener m\u00e1s informaci\u00f3n en la <a href=\"https:\/\/www.cloudbeds.com\/privacy-policy\/\">pol\u00edtica de privacidad de Cloudbeds.<\/a><\/p>\n\n<\/div>\n<\/div>\n<\/div>\n<div id=\"cmsmasters_divider_5b0s7t90p6\" class=\"cmsmasters_divider cmsmasters_divider_width_long cmsmasters_divider_pos_center\"><\/div>\n<\/div><\/div>\n<\/div>\n<\/div>\n<\/div>\n<\/div>\n<\/div>\n<div id=\"cmsmasters_row_o0fimbl6ol\" class=\"cmsmasters_row cmsmasters_color_scheme_default cmsmasters_row_top_default cmsmasters_row_bot_default cmsmasters_row_boxed\">\n<div id=\"sustenta\" class=\"cmsmasters_row_outer_parent\">\n<div class=\"cmsmasters_row_outer\">\n<div class=\"cmsmasters_row_inner\">\n<div class=\"cmsmasters_row_margin\">\n<div id=\"cmsmasters_column_m6wr7fr80s\" class=\"cmsmasters_column one_first\">\n<div class=\"cmsmasters_column_inner\"><div id=\"cmsmasters_heading_813bkfz3ng\" class=\"cmsmasters_heading_wrap cmsmasters_heading_align_center\">\n\t<h2 class=\"cmsmasters_heading\"> Pol\u00edtica de <\/h2>\n<\/div><div id=\"cmsmasters_heading_wjjd6fux7f\" class=\"cmsmasters_heading_wrap cmsmasters_heading_align_center\">\n\t<h2 class=\"cmsmasters_heading\">Sustentabilidad<\/h2>\n<\/div>\n<div id=\"cmsmasters_divider_1vd4884vsr\" class=\"cmsmasters_divider cmsmasters_divider_width_long cmsmasters_divider_pos_center\"><\/div>\n<div id=\"cmsmasters_fb_npd6yrslat\" class=\"cmsmasters_featured_block\">\n<div class=\"featured_block_inner\">\n<div class=\"featured_block_text\">\n<p style=\"text-align: center;\">En Ayca La Flora, la sustentabilidad es el eje de nuestra operaci\u00f3n. Nos comprometemos activamente con el cuidado del entorno natural, el bienestar de la comunidad local y la protecci\u00f3n del patrimonio cultural de Valpara\u00edso, en concordancia con los principios del turismo responsable y los criterios del Distintivo de Sustentabilidad Tur\u00edstica de SERNATUR.<\/p>\n\n<\/div>\n<\/div>\n<\/div>\n<div id=\"cmsmasters_fb_1uihwwngbr\" class=\"cmsmasters_featured_block\">\n<div class=\"featured_block_inner\">\n<div class=\"featured_block_text\">\n<h3 style=\"text-align: center;\"><span style=\"font-weight: 400;\">Enfoque Ambiental<\/span><\/h3>\n<ul style=\"text-align: center;\">\n<li>Reducimos y gestionamos responsablemente nuestros residuos s\u00f3lidos.<\/li>\n<li>Fomentamos el compostaje y evitamos productos pl\u00e1sticos de un solo uso.<\/li>\n<li>Usamos energ\u00edas limpias y promovemos la eficiencia energ\u00e9tica en nuestras instalaciones.<\/li>\n<li>Controlamos nuestro consumo de agua con medidas de ahorro.<\/li>\n<li>Participamos en proyectos de reforestaci\u00f3n de especies nativas, como la palma chilena.<\/li>\n<li>Evaluamos peri\u00f3dicamente nuestro impacto ambiental mediante herramientas como la huella de carbono.<\/li>\n<\/ul>\n\n<\/div>\n<\/div>\n<\/div>\n<div id=\"cmsmasters_fb_967119rxae\" class=\"cmsmasters_featured_block\">\n<div class=\"featured_block_inner\">\n<div class=\"featured_block_text\">\n<h3 style=\"text-align: center;\"><span style=\"font-weight: 400;\">Enfoque Sociocultural<\/span><\/h3>\n<ul>\n<li style=\"text-align: center;\">Contratamos colaboradores locales y brindamos igualdad de oportunidades.<\/li>\n<li style=\"text-align: center;\">Respetamos y valoramos la cultura, tradiciones y gastronom\u00eda del territorio.<\/li>\n<li style=\"text-align: center;\">Compartimos con nuestros hu\u00e9spedes informaci\u00f3n sobre el entorno, las comunidades y pr\u00e1cticas locales.<\/li>\n<li style=\"text-align: center;\">Respetamos la identidad y los derechos de los pueblos originarios.<\/li>\n<li style=\"text-align: center;\">Rechazamos toda forma de explotaci\u00f3n, especialmente sexual infantil y trata de personas.<\/li>\n<\/ul>\n\n<\/div>\n<\/div>\n<\/div>\n<div id=\"cmsmasters_fb_vhy03v63mv\" class=\"cmsmasters_featured_block\">\n<div class=\"featured_block_inner\">\n<div class=\"featured_block_text\">\n<h3 style=\"text-align: center;\"><span style=\"font-weight: 400;\">Enfoque Econ\u00f3mico<\/span><\/h3>\n<ul>\n<li style=\"text-align: center;\">Priorizamos la compra de productos y servicios a proveedores locales.<\/li>\n<li style=\"text-align: center;\">Apoyamos iniciativas de econom\u00eda circular y comercio justo.<\/li>\n<li style=\"text-align: center;\">Estimulamos la econom\u00eda del barrio y promovemos la articulaci\u00f3n entre actores tur\u00edsticos.<\/li>\n<li style=\"text-align: center;\">Reinvertimos parte de nuestros ingresos en acciones de conservaci\u00f3n y comunidad.<\/li>\n<\/ul>\n\n<\/div>\n<\/div>\n<\/div>\n<div id=\"cmsmasters_fb_6nbm0p73ob\" class=\"cmsmasters_featured_block\">\n<div class=\"featured_block_inner\">\n<div class=\"featured_block_text\">\n<h3 style=\"text-align: center;\"><span style=\"font-weight: 400;\">\u00c9tica y Transparencia<\/span><\/h3>\n<ul>\n<li style=\"text-align: center;\">Operamos con responsabilidad y transparencia frente a clientes, trabajadores y socios.<\/li>\n<li style=\"text-align: center;\">Promovemos la mejora continua en todos nuestros procesos.<\/li>\n<li style=\"text-align: center;\">Adherimos voluntariamente a principios internacionales de turismo sostenible y a los lineamientos \u00e9ticos del C\u00f3digo Global de \u00c9tica para el Turismo (OMT).<\/li>\n<\/ul>\n\n<\/div>\n<\/div>\n<\/div>\n<div id=\"cmsmasters_fb_5dk3axd8sg\" class=\"cmsmasters_featured_block\">\n<div class=\"featured_block_inner\">\n<div class=\"featured_block_text\">\n<p style=\"text-align: center;\"><sup><span style=\"font-weight: 400;\">Esta pol\u00edtica es revisada y actualizada de forma peri\u00f3dica.<br \/>\n\u00daltima actualizaci\u00f3n: agosto 2024<\/span><\/sup><\/p>\n\n<\/div>\n<\/div>\n<\/div>\n<\/div><\/div>\n<\/div>\n<\/div>\n<\/div>\n<\/div>\n<\/div>\n<div id=\"cmsmasters_row_pd3j41pfvw\" class=\"cmsmasters_row cmsmasters_color_scheme_default cmsmasters_row_top_default cmsmasters_row_bot_default cmsmasters_row_boxed\">\n<div class=\"cmsmasters_row_outer_parent\">\n<div class=\"cmsmasters_row_outer\">\n<div class=\"cmsmasters_row_inner\">\n<div class=\"cmsmasters_row_margin\">\n<div id=\"cmsmasters_column_3oufh532b\" class=\"cmsmasters_column one_first\">\n<div class=\"cmsmasters_column_inner\">\n<div id=\"cmsmasters_divider_n7gw33hpv\" class=\"cmsmasters_divider cmsmasters_divider_width_long cmsmasters_divider_pos_center\"><\/div>\n<\/div><\/div>\n<\/div>\n<\/div>\n<\/div>\n<\/div>\n<\/div>\n<div id=\"cmsmasters_row_p1266io97\" class=\"cmsmasters_row cmsmasters_color_scheme_default cmsmasters_row_top_default cmsmasters_row_bot_default cmsmasters_row_boxed\">\n<div id=\"legal\" class=\"cmsmasters_row_outer_parent\">\n<div class=\"cmsmasters_row_outer\">\n<div class=\"cmsmasters_row_inner\">\n<div class=\"cmsmasters_row_margin\">\n<div id=\"cmsmasters_column_ltj8gawng\" class=\"cmsmasters_column one_first\">\n<div class=\"cmsmasters_column_inner\"><div id=\"cmsmasters_heading_uyo1ibwkpi\" class=\"cmsmasters_heading_wrap cmsmasters_heading_align_center\">\n\t<h2 class=\"cmsmasters_heading\"> Informaci\u00f3n Legal<\/h2>\n<\/div>\n<div id=\"cmsmasters_divider_1hedyswch\" class=\"cmsmasters_divider cmsmasters_divider_width_long cmsmasters_divider_pos_center\"><\/div>\n<div id=\"cmsmasters_fb_qc41x205mv\" class=\"cmsmasters_featured_block\">\n<div class=\"featured_block_inner\">\n<div class=\"featured_block_text\">\n<p style=\"text-align: center;\"><span style=\"font-weight: 400;\">Ayca La Flora es un hotel boutique operado bajo la raz\u00f3n social:<\/span><\/p>\n\n<\/div>\n<\/div>\n<\/div>\n<div id=\"cmsmasters_fb_mmifhfm11s\" class=\"cmsmasters_featured_block\">\n<div class=\"featured_block_inner\">\n<div class=\"featured_block_text\">\n<p style=\"text-align: center;\"><span style=\"font-weight: 400;\">La Flora SpA.<\/span><span style=\"font-weight: 400;\"><br \/>\n<\/span><span style=\"font-weight: 400;\"> RUT: 76562816-4<\/span><span style=\"font-weight: 400;\"><br \/>\n<\/span><span style=\"font-weight: 400;\"> Direcci\u00f3n: Subida Concepci\u00f3n 35<\/span><span style=\"font-weight: 400;\"><br \/>\n<\/span><span style=\"font-weight: 400;\"> Correo: hotel@laflora-valpo.com<\/span><span style=\"font-weight: 400;\"><br \/>\n<\/span><span style=\"font-weight: 400;\"> Tel\u00e9fono: +56 979 725 193<\/span><\/p>\n<p style=\"text-align: center;\"><span style=\"font-weight: 400;\">Patente municipal: Ilustre Municipalidad de Valpara\u00edso 11468909<\/span><\/p>\n\n<\/div>\n<\/div>\n<\/div>\n<\/div><\/div>\n<\/div>\n<\/div>\n<\/div>\n<\/div>\n<\/div>\n<div id=\"cmsmasters_row_sdwvhkxbw9\" class=\"cmsmasters_row cmsmasters_color_scheme_default cmsmasters_row_top_default cmsmasters_row_bot_default cmsmasters_row_boxed\">\n<div class=\"cmsmasters_row_outer_parent\">\n<div class=\"cmsmasters_row_outer\">\n<div class=\"cmsmasters_row_inner\">\n<div class=\"cmsmasters_row_margin\">\n<div id=\"cmsmasters_column_x18djlqhjq\" class=\"cmsmasters_column one_first\">\n<div class=\"cmsmasters_column_inner\">\n<div id=\"cmsmasters_divider_84wl9ef9zh\" class=\"cmsmasters_divider cmsmasters_divider_width_long cmsmasters_divider_pos_center\"><\/div>\n<\/div><\/div>\n<\/div>\n<\/div>\n<\/div>\n<\/div>\n<\/div>\n<div id=\"cmsmasters_row_yla0nw1bwg\" class=\"cmsmasters_row cmsmasters_color_scheme_default cmsmasters_row_top_default cmsmasters_row_bot_default cmsmasters_row_boxed\">\n<div id=\"sernac\" class=\"cmsmasters_row_outer_parent\">\n<div class=\"cmsmasters_row_outer\">\n<div class=\"cmsmasters_row_inner\">\n<div class=\"cmsmasters_row_margin\">\n<div id=\"cmsmasters_column_1sy8100b7i\" class=\"cmsmasters_column one_first\">\n<div class=\"cmsmasters_column_inner\"><div id=\"cmsmasters_heading_3b4q6afexo\" class=\"cmsmasters_heading_wrap cmsmasters_heading_align_center\">\n\t<h2 class=\"cmsmasters_heading\">SERNAC y derechos del consumidor<\/h2>\n<\/div>\n<div id=\"cmsmasters_divider_6m1aj7jn2\" class=\"cmsmasters_divider cmsmasters_divider_width_long cmsmasters_divider_pos_center\"><\/div>\n<div id=\"cmsmasters_fb_mb909my4kh\" class=\"cmsmasters_featured_block\">\n<div class=\"featured_block_inner\">\n<div class=\"featured_block_text\">\n<p style=\"text-align: center;\"><span style=\"font-weight: 400;\">Este establecimiento respeta los derechos de los consumidores conforme a la Ley N\u00b0 19.496. M\u00e1s informaci\u00f3n en<\/span><a href=\"https:\/\/www.sernac.cl\"> <span style=\"font-weight: 400;\">www.sernac.cl<\/span><\/a><span style=\"font-weight: 400;\">. Tambi\u00e9n puedes presentar tu reclamo directamente ante el SERNAC si lo consideras necesario.<\/span><\/p>\n\n<\/div>\n<\/div>\n<\/div>\n<\/div><\/div>\n<\/div>\n<\/div>\n<\/div>\n<\/div>\n<\/div>\n\n","protected":false},"excerpt":{"rendered":"","protected":false},"author":1,"featured_media":0,"parent":0,"menu_order":0,"comment_status":"closed","ping_status":"closed","template":"","meta":{"footnotes":""},"class_list":["post-17922","page","type-page","status-publish","hentry"],"_links":{"self":[{"href":"https:\/\/laflora-valpo.com\/es\/wp-json\/wp\/v2\/pages\/17922","targetHints":{"allow":["GET"]}}],"collection":[{"href":"https:\/\/laflora-valpo.com\/es\/wp-json\/wp\/v2\/pages"}],"about":[{"href":"https:\/\/laflora-valpo.com\/es\/wp-json\/wp\/v2\/types\/page"}],"author":[{"embeddable":true,"href":"https:\/\/laflora-valpo.com\/es\/wp-json\/wp\/v2\/users\/1"}],"replies":[{"embeddable":true,"href":"https:\/\/laflora-valpo.com\/es\/wp-json\/wp\/v2\/comments?post=17922"}],"version-history":[{"count":49,"href":"https:\/\/laflora-valpo.com\/es\/wp-json\/wp\/v2\/pages\/17922\/revisions"}],"predecessor-version":[{"id":18168,"href":"https:\/\/laflora-valpo.com\/es\/wp-json\/wp\/v2\/pages\/17922\/revisions\/18168"}],"wp:attachment":[{"href":"https:\/\/laflora-valpo.com\/es\/wp-json\/wp\/v2\/media?parent=17922"}],"curies":[{"name":"wp","href":"https:\/\/api.w.org\/{rel}","templated":true}]}}